{"id":21,"date":"2023-03-20T20:48:17","date_gmt":"2023-03-20T20:48:17","guid":{"rendered":"http:\/\/locacaodevansparaeventos.com.br\/home\/"},"modified":"2024-10-22T15:13:11","modified_gmt":"2024-10-22T15:13:11","slug":"locacao-de-vans-para-eventos","status":"publish","type":"page","link":"https:\/\/locacaodevansparaeventos.com.br\/","title":{"rendered":"Loca\u00e7\u00e3o de Vans para Eventos"},"content":{"rendered":"\n<h1>\n\t\tVans para eventos, turismo e viagens!\n\t<\/h1>\n\tPre\u00e7o imbat\u00edvel com motorista incluso. City tours com Guias Bil\u00edngues.<br \/>\nFestas, casamentos, confraterniza\u00e7\u00f5es, loca\u00e7\u00e3o para empresas, loca\u00e7\u00e3o condom\u00ednios e viagens.\n\t\t\t<a href=\"https:\/\/api.whatsapp.com\/send?phone=5521999953787&#038;text=Vim%20pelo%20site%20gostaria%20de%20mais%20informa%C3%A7%C3%B5es\" target=\"_self\" role=\"button\" rel=\"noopener\">\n\t\t\t\t\t\t\t(21) 99995-3787\n\t\t\t<\/a>\n<h2>\n\t\tLoca\u00e7\u00e3o de Vans para Eventos\n\t<\/h2>\n\t<strong>Loca\u00e7\u00e3o de Vans para Eventos<\/strong> \u00e9 uma empresa que atua no mercado de loca\u00e7\u00e3o de vans com motorista na cidade do<strong> Rio de Janeiro<\/strong> e estado do Rio de Janeiro. Administrada por dois guias de turismo a nossa empresa est\u00e1 sempre em busca de melhorias para fornecer aos nossos clientes o conforto desej\u00e1vel em suas necessidades.\nNosso endere\u00e7o esta na Barra da Tijuca. Contamos com vans equipadas de TV, r\u00e1dio e ar-condicionado que passam por manuten\u00e7\u00f5es peri\u00f3dicas e regulares. Al\u00e9m disso de possu\u00edmos excelentes motoristas que s\u00e3o capacitados para levar nossos viajantes em seguran\u00e7a para seus destinos e para o turismo guias bil\u00edngues.\n<strong>Loca\u00e7\u00e3o de Vans para Eventos<\/strong> possui uma vasta experi\u00eancia no mercado de loca\u00e7\u00e3o de vans no Rio de Janeiro e nossa presta\u00e7\u00e3o de servi\u00e7os se destaca devido a qualidade de nossos ve\u00edculos que proporcionam n\u00e3o s\u00f3 conforto, mas tamb\u00e9m seguran\u00e7a para nossos passageiros e um melhor custo-benef\u00edcio.\nEntre em contato com o Felipe ou Ana e garanto que teremos o melhor servi\u00e7o e custo benef\u00edcio..\n\t\t\t\t<img decoding=\"async\" src=\"http:\/\/locacaodevansparaeventos.com.br\/wp-content\/uploads\/2023\/03\/EVENTOS.jpg\" alt=\"loca\u00e7\u00e3o de vans para aeroportos\" itemprop=\"image\" title=\"EVENTOS\" onerror=\"this.style.display='none'\"  \/>\n\t<h4>Traslados para Aeroportos<\/h4>\n<p>A nossa equipe de motoristas est\u00e1 treinada e capacitada para garantir uma rota tranquila do seu local de sa\u00edda at\u00e9 os aeroportos do Rio de Janeiro com os melhores pre\u00e7os.<\/p>\n\t\t\t\t<img decoding=\"async\" src=\"http:\/\/locacaodevansparaeventos.com.br\/wp-content\/uploads\/2023\/03\/Transfer-no-Rio-de-Janeiro.jpeg\" alt=\"Transfer-no-Rio-de-Janeiro\" itemprop=\"image\" title=\"Transfer-no-Rio-de-Janeiro\" onerror=\"this.style.display='none'\"  \/>\n\t<h4>Vans para shows, eventos, viagens e City Tours<\/h4>\n<p>Nossa Vans est\u00e3o documentadas para qualquer tipo de evento, turismo e viagens.\u00a0 Oferecemos tamb\u00e9m City Tours com Guias Bil\u00edngues<\/p>\n<p>&nbsp;<\/p>\n\t\t\t\t<img decoding=\"async\" src=\"http:\/\/locacaodevansparaeventos.com.br\/wp-content\/uploads\/2023\/03\/EMPRESA.jpg\" alt=\"EMPRESA\" itemprop=\"image\" title=\"EMPRESA\" onerror=\"this.style.display='none'\"  \/>\n\t<h4>Transporte Corporativo<\/h4>\n<p>Se sua empresa precisa de transporte e receptivo personalizado para sua diretoria e funcion\u00e1rios,\u00a0 temos uma frota a altura da sua empresa com motoristas treinados.<\/p>\n<p>&nbsp;<\/p>\n<h2>\n\t\tLoca\u00e7\u00e3o de Vans para Eventos\n\t<\/h2>\n\t<h5><b>MISS\u00c3O<br \/>\n<\/b><br \/>\nTransportar pessoas com qualidade e seguran\u00e7a, permitindo que colaboradores, fornecedores e clientes, fiquem plenamente satisfeitos, e que desta forma, a empresa se consolide como refer\u00eancia no segmento de loca\u00e7\u00e3o de Vans.<\/h5>\n\t\t\t<a href=\"https:\/\/api.whatsapp.com\/send?phone=5521999953787&#038;text=Vim%20pelo%20site%20gostaria%20de%20mais%20informa%C3%A7%C3%B5es\" target=\"_self\" role=\"button\" rel=\"noopener\">\n\t\t\t\t\t\t\t(21) 99995-3787\n\t\t\t<\/a>\n\t\t\t\t<img decoding=\"async\" src=\"http:\/\/locacaodevansparaeventos.com.br\/wp-content\/uploads\/2023\/03\/WhatsApp-Image-2021-01-25-at-13.44.19-2.jpeg\" alt=\"WhatsApp Image 2021-01-25 at 13.44.19 (2)\" itemprop=\"image\" title=\"WhatsApp Image 2021-01-25 at 13.44.19 (2)\" onerror=\"this.style.display='none'\"  \/>\n<h2>\n\t\tCity Tour no Rio de Janeiro\n\t<\/h2>\n\tSomos especializados neste servi\u00e7o e locamos a Van para Guias de turismo, ag\u00eancias, grupos que queiram fazer um tour na cidade. Como somos Guias de Turismo, sabemos da import\u00e2ncia de ter uma Van legalizada.<br \/>\nSite para a\u00a0 contrata\u00e7\u00e3o de guia de turismo credenciado:\n\t\t\t<a href=\"https:\/\/api.whatsapp.com\/send?phone=5521999953787&#038;text=Vim%20pelo%20site%20gostaria%20de%20mais%20informa%C3%A7%C3%B5es\" target=\"_self\" role=\"button\" rel=\"noopener\">\n\t\t\t\t\t\t\t(21) 99995-3787\n\t\t\t<\/a>\n<h3 data-ultimate-target=\"#Info-box-wrap-8637 .aio-icon-title\" data-responsive-json-new=\"{&quot;font-size&quot;:&quot;desktop:20px;&quot;,&quot;line-height&quot;:&quot;&quot;}\">Loca\u00e7\u00e3o Simples e F\u00e1cil<\/h3>\nFacilidade, economia e rapidez s\u00e3o vari\u00e1veis vantajosas quando algu\u00e9m decide pelo aluguel de vans. Alugar uma van \u00e9 muito simples, s\u00f3 \u00e9 preciso entrar em contato, escolher a van e efetuar a reserva.\n<h3 data-ultimate-target=\"#Info-box-wrap-4046 .aio-icon-title\" data-responsive-json-new=\"{&quot;font-size&quot;:&quot;desktop:20px;&quot;,&quot;line-height&quot;:&quot;&quot;}\">Seguran\u00e7a e Conforto<\/h3>\nContamos com transporte seguro, espa\u00e7oso, confort\u00e1vel e muito silencioso, condi\u00e7\u00e3o que proporciona bastante conforto para a sua viagem. As vans s\u00e3o equipadas para atender ao bem estar dos passageiros.\n<h3 data-ultimate-target=\"#Info-box-wrap-9767 .aio-icon-title\" data-responsive-json-new=\"{&quot;font-size&quot;:&quot;desktop:20px;&quot;,&quot;line-height&quot;:&quot;&quot;}\">Benef\u00edcio da Loca\u00e7\u00e3o<\/h3>\nO custo benef\u00edcio que o aluguel de vans oferece \u00e9 expressivo, em contraste aos valores para manter um ve\u00edculo pr\u00f3prio que s\u00e3o elevados. Voc\u00ea ainda pode evitar que o seu carro tenha desgastes decorrentes da viagem.\n<h2>\n\t\tLoca\u00e7\u00e3o de vans para Eventos\n\t<\/h2>\n<h1>\n\t\tCLIENTES ATENDIDOS\n\t<\/h1>\n\t\t\t\t<img decoding=\"async\" src=\"http:\/\/locacaodevansparaeventos.com.br\/wp-content\/uploads\/2023\/03\/logo-petrobras-2048.png\" alt=\"logo-petrobras-2048\" itemprop=\"image\" title=\"logo-petrobras-2048\" onerror=\"this.style.display='none'\"  \/>\n\t\t\t\t<img decoding=\"async\" src=\"http:\/\/locacaodevansparaeventos.com.br\/wp-content\/uploads\/2023\/03\/logo_rio.png\" alt=\"logo_rio\" itemprop=\"image\" title=\"logo_rio\" onerror=\"this.style.display='none'\"  \/>\n\t\t\t\t<img decoding=\"async\" src=\"http:\/\/locacaodevansparaeventos.com.br\/wp-content\/uploads\/2023\/03\/rede-globo-logo-0.png\" alt=\"rede-globo-logo-0\" itemprop=\"image\" title=\"rede-globo-logo-0\" onerror=\"this.style.display='none'\"  \/>\n\t\t\t\t<img decoding=\"async\" src=\"http:\/\/locacaodevansparaeventos.com.br\/wp-content\/uploads\/2023\/03\/record-tv-logo.png\" alt=\"record-tv-logo\" itemprop=\"image\" title=\"record-tv-logo\" onerror=\"this.style.display='none'\"  \/>\n\t\t\t\t<img decoding=\"async\" src=\"http:\/\/locacaodevansparaeventos.com.br\/wp-content\/uploads\/2023\/03\/Clube_de_Regatas_do_Flamengo-logo-4F9152B932-seeklogo.com_.png\" alt=\"locacao de vans para eventos\" itemprop=\"image\" title=\"Clube_de_Regatas_do_Flamengo-logo-4F9152B932-seeklogo.com\" onerror=\"this.style.display='none'\"  \/>\n\t\t\t\t<img decoding=\"async\" src=\"http:\/\/locacaodevansparaeventos.com.br\/wp-content\/uploads\/2023\/03\/glaxo.png\" alt=\"glaxo\" itemprop=\"image\" title=\"glaxo\" onerror=\"this.style.display='none'\"  \/>\n\t\t\t\t<img decoding=\"async\" src=\"http:\/\/locacaodevansparaeventos.com.br\/wp-content\/uploads\/2023\/03\/bayer.png\" alt=\"locacao de vans para eventos\" itemprop=\"image\" title=\"bayer\" onerror=\"this.style.display='none'\"  \/>\n\t\t\t\t<img decoding=\"async\" src=\"http:\/\/locacaodevansparaeventos.com.br\/wp-content\/uploads\/2023\/03\/PortoMaravilha_LOGO.png\" alt=\"locacao de vans para eventos\" itemprop=\"image\" title=\"PortoMaravilha_LOGO\" onerror=\"this.style.display='none'\"  \/>\n\t\t\t\t<img decoding=\"async\" src=\"http:\/\/locacaodevansparaeventos.com.br\/wp-content\/uploads\/2023\/03\/Logo_da_Liga_Independente_das_Escolas_de_Samba_do_Rio_de_Janeiro-212x300.png\" alt=\"locacao de vans para eventos\" itemprop=\"image\" title=\"Logo_da_Liga_Independente_das_Escolas_de_Samba_do_Rio_de_Janeiro\" onerror=\"this.style.display='none'\"  \/>\n\t\t\t\t<img decoding=\"async\" src=\"http:\/\/locacaodevansparaeventos.com.br\/wp-content\/uploads\/2023\/03\/gm-rio.png\" alt=\"locacao de vans para eventos\" itemprop=\"image\" title=\"gm rio\" onerror=\"this.style.display='none'\"  \/>\n\t\t\t\t<img decoding=\"async\" src=\"http:\/\/locacaodevansparaeventos.com.br\/wp-content\/uploads\/2023\/03\/nike.png\" alt=\"locacao de vans para eventos\" itemprop=\"image\" title=\"nike\" onerror=\"this.style.display='none'\"  \/>\n\t\t\t\t<img decoding=\"async\" src=\"http:\/\/locacaodevansparaeventos.com.br\/wp-content\/uploads\/2023\/03\/Nissan_logo.png\" alt=\"Nissan_logo\" itemprop=\"image\" title=\"Nissan_logo\" onerror=\"this.style.display='none'\"  \/>\n<h2>\n\t\tPrecisa de or\u00e7amento. Atendemos em at\u00e9 24 horas\n\t<\/h2>\n\t<h4>Sempre temos algu\u00e9m dispon\u00edvel no Whatsapp e pronto para enviar o or\u00e7amento o mais breve poss\u00edvel<\/h4>\n\t\t\t<a href=\"https:\/\/api.whatsapp.com\/send?phone=5521999953787&#038;text=Vim%20pelo%20site%20gostaria%20de%20mais%20informa%C3%A7%C3%B5es\" target=\"_self\" role=\"button\" rel=\"noopener\">\n\t\t\t\t\t\t\t(21) 99995-3787\n\t\t\t<\/a>\n\n","protected":false},"excerpt":{"rendered":"<p>Vans para eventos, turismo e viagens! Pre\u00e7o imbat\u00edvel com motorista incluso. City tours com Guias Bil\u00edngues. Festas, casamentos, confraterniza\u00e7\u00f5es, loca\u00e7\u00e3o para empresas, loca\u00e7\u00e3o condom\u00ednios e viagens. (21) 99995-3787 Loca\u00e7\u00e3o de Vans para Eventos Loca\u00e7\u00e3o de Vans para Eventos \u00e9 uma empresa que atua no mercado de loca\u00e7\u00e3o de vans com motorista na cidade do Rio [&hellip;]<\/p>\n","protected":false},"author":1,"featured_media":0,"parent":0,"menu_order":0,"comment_status":"closed","ping_status":"closed","template":"","meta":{"site-sidebar-layout":"default","site-content-layout":"","ast-site-content-layout":"","site-content-style":"default","site-sidebar-style":"default","ast-global-header-display":"","ast-banner-title-visibility":"","ast-main-header-display":"","ast-hfb-above-header-display":"","ast-hfb-below-header-display":"","ast-hfb-mobile-header-display":"","site-post-title":"","ast-breadcrumbs-content":"","ast-featured-img":"","footer-sml-layout":"","theme-transparent-header-meta":"","adv-header-id-meta":"","stick-header-meta":"","header-above-stick-meta":"","header-main-stick-meta":"","header-below-stick-meta":"","astra-migrate-meta-layouts":"default","ast-page-background-enabled":"default","ast-page-background-meta":{"desktop":{"background-color":"var(--ast-global-color-4)","background-image":"","background-repeat":"repeat","background-position":"center center","background-size":"auto","background-attachment":"scroll","background-type":"","background-media":"","overlay-type":"","overlay-color":"","overlay-opacity":"","overlay-gradient":""},"tablet":{"background-color":"","background-image":"","background-repeat":"repeat","background-position":"center center","background-size":"auto","background-attachment":"scroll","background-type":"","background-media":"","overlay-type":"","overlay-color":"","overlay-opacity":"","overlay-gradient":""},"mobile":{"background-color":"","background-image":"","background-repeat":"repeat","background-position":"center center","background-size":"auto","background-attachment":"scroll","background-type":"","background-media":"","overlay-type":"","overlay-color":"","overlay-opacity":"","overlay-gradient":""}},"ast-content-background-meta":{"desktop":{"background-color":"var(--ast-global-color-5)","background-image":"","background-repeat":"repeat","background-position":"center center","background-size":"auto","background-attachment":"scroll","background-type":"","background-media":"","overlay-type":"","overlay-color":"","overlay-opacity":"","overlay-gradient":""},"tablet":{"background-color":"var(--ast-global-color-5)","background-image":"","background-repeat":"repeat","background-position":"center center","background-size":"auto","background-attachment":"scroll","background-type":"","background-media":"","overlay-type":"","overlay-color":"","overlay-opacity":"","overlay-gradient":""},"mobile":{"background-color":"var(--ast-global-color-5)","background-image":"","background-repeat":"repeat","background-position":"center center","background-size":"auto","background-attachment":"scroll","background-type":"","background-media":"","overlay-type":"","overlay-color":"","overlay-opacity":"","overlay-gradient":""}},"footnotes":""},"class_list":["post-21","page","type-page","status-publish","hentry"],"yoast_head":"<!-- This site is optimized with the Yoast SEO Premium plugin v16.3 (Yoast SEO v23.4) - https:\/\/yoast.com\/wordpress\/plugins\/seo\/ -->\n<title>Loca\u00e7\u00e3o de Vans para Eventos - Turismo, viagens e casamentos<\/title>\n<meta name=\"description\" content=\"Loca\u00e7\u00e3o de Vans para Eventos com o melhor custo beneficio do mercado. Trabalhamos tamb\u00e9m no segmento do turismo. Indicamos Guias de turismo\" \/>\n<meta name=\"robots\" content=\"index, follow, max-snippet:-1, max-image-preview:large, max-video-preview:-1\" \/>\n<link rel=\"canonical\" href=\"https:\/\/locacaodevansparaeventos.com.br\/\" \/>\n<meta property=\"og:locale\" content=\"pt_PT\" \/>\n<meta property=\"og:type\" content=\"article\" \/>\n<meta property=\"og:title\" content=\"Loca\u00e7\u00e3o de Vans para Eventos - Turismo, viagens e casamentos\" \/>\n<meta property=\"og:description\" content=\"Loca\u00e7\u00e3o de Vans para Eventos com o melhor custo beneficio do mercado. Trabalhamos tamb\u00e9m no segmento do turismo. Indicamos Guias de turismo\" \/>\n<meta property=\"og:url\" content=\"https:\/\/locacaodevansparaeventos.com.br\/\" \/>\n<meta property=\"article:modified_time\" content=\"2024-10-22T15:13:11+00:00\" \/>\n<meta property=\"og:image\" content=\"http:\/\/locacaodevansparaeventos.com.br\/wp-content\/uploads\/2023\/03\/EVENTOS.jpg\" \/>\n<meta name=\"twitter:card\" content=\"summary_large_image\" \/>\n<meta name=\"twitter:label1\" content=\"Tempo estimado de leitura\" \/>\n\t<meta name=\"twitter:data1\" content=\"6 minutos\" \/>\n<script type=\"application\/ld+json\" class=\"yoast-schema-graph\">{\"@context\":\"https:\/\/schema.org\",\"@graph\":[{\"@type\":\"WebPage\",\"@id\":\"https:\/\/locacaodevansparaeventos.com.br\/\",\"url\":\"https:\/\/locacaodevansparaeventos.com.br\/\",\"name\":\"Loca\u00e7\u00e3o de Vans para Eventos - Turismo, viagens e casamentos\",\"isPartOf\":{\"@id\":\"https:\/\/locacaodevansparaeventos.com.br\/#website\"},\"primaryImageOfPage\":{\"@id\":\"https:\/\/locacaodevansparaeventos.com.br\/#primaryimage\"},\"image\":{\"@id\":\"https:\/\/locacaodevansparaeventos.com.br\/#primaryimage\"},\"thumbnailUrl\":\"http:\/\/locacaodevansparaeventos.com.br\/wp-content\/uploads\/2023\/03\/EVENTOS.jpg\",\"datePublished\":\"2023-03-20T20:48:17+00:00\",\"dateModified\":\"2024-10-22T15:13:11+00:00\",\"description\":\"Loca\u00e7\u00e3o de Vans para Eventos com o melhor custo beneficio do mercado. Trabalhamos tamb\u00e9m no segmento do turismo. Indicamos Guias de turismo\",\"breadcrumb\":{\"@id\":\"https:\/\/locacaodevansparaeventos.com.br\/#breadcrumb\"},\"inLanguage\":\"pt-PT\",\"potentialAction\":[{\"@type\":\"ReadAction\",\"target\":[\"https:\/\/locacaodevansparaeventos.com.br\/\"]}]},{\"@type\":\"ImageObject\",\"inLanguage\":\"pt-PT\",\"@id\":\"https:\/\/locacaodevansparaeventos.com.br\/#primaryimage\",\"url\":\"https:\/\/locacaodevansparaeventos.com.br\/wp-content\/uploads\/2023\/03\/EVENTOS.jpg\",\"contentUrl\":\"https:\/\/locacaodevansparaeventos.com.br\/wp-content\/uploads\/2023\/03\/EVENTOS.jpg\",\"width\":1000,\"height\":500,\"caption\":\"loca\u00e7\u00e3o de vans para aeroportos\"},{\"@type\":\"BreadcrumbList\",\"@id\":\"https:\/\/locacaodevansparaeventos.com.br\/#breadcrumb\",\"itemListElement\":[{\"@type\":\"ListItem\",\"position\":1,\"name\":\"In\u00edcio\",\"item\":\"https:\/\/locacaodevansparaeventos.com.br\/\"},{\"@type\":\"ListItem\",\"position\":2,\"name\":\"Loca\u00e7\u00e3o de Vans para Eventos\"}]},{\"@type\":\"WebSite\",\"@id\":\"https:\/\/locacaodevansparaeventos.com.br\/#website\",\"url\":\"https:\/\/locacaodevansparaeventos.com.br\/\",\"name\":\"\",\"description\":\"\",\"potentialAction\":[{\"@type\":\"SearchAction\",\"target\":{\"@type\":\"EntryPoint\",\"urlTemplate\":\"https:\/\/locacaodevansparaeventos.com.br\/?s={search_term_string}\"},\"query-input\":{\"@type\":\"PropertyValueSpecification\",\"valueRequired\":true,\"valueName\":\"search_term_string\"}}],\"inLanguage\":\"pt-PT\"}]}<\/script>\n<!-- \/ Yoast SEO Premium plugin. -->","yoast_head_json":{"title":"Loca\u00e7\u00e3o de Vans para Eventos - Turismo, viagens e casamentos","description":"Loca\u00e7\u00e3o de Vans para Eventos com o melhor custo beneficio do mercado. Trabalhamos tamb\u00e9m no segmento do turismo. Indicamos Guias de turismo","robots":{"index":"index","follow":"follow","max-snippet":"max-snippet:-1","max-image-preview":"max-image-preview:large","max-video-preview":"max-video-preview:-1"},"canonical":"https:\/\/locacaodevansparaeventos.com.br\/","og_locale":"pt_PT","og_type":"article","og_title":"Loca\u00e7\u00e3o de Vans para Eventos - Turismo, viagens e casamentos","og_description":"Loca\u00e7\u00e3o de Vans para Eventos com o melhor custo beneficio do mercado. Trabalhamos tamb\u00e9m no segmento do turismo. Indicamos Guias de turismo","og_url":"https:\/\/locacaodevansparaeventos.com.br\/","article_modified_time":"2024-10-22T15:13:11+00:00","og_image":[{"url":"http:\/\/locacaodevansparaeventos.com.br\/wp-content\/uploads\/2023\/03\/EVENTOS.jpg"}],"twitter_card":"summary_large_image","twitter_misc":{"Tempo estimado de leitura":"6 minutos"},"schema":{"@context":"https:\/\/schema.org","@graph":[{"@type":"WebPage","@id":"https:\/\/locacaodevansparaeventos.com.br\/","url":"https:\/\/locacaodevansparaeventos.com.br\/","name":"Loca\u00e7\u00e3o de Vans para Eventos - Turismo, viagens e casamentos","isPartOf":{"@id":"https:\/\/locacaodevansparaeventos.com.br\/#website"},"primaryImageOfPage":{"@id":"https:\/\/locacaodevansparaeventos.com.br\/#primaryimage"},"image":{"@id":"https:\/\/locacaodevansparaeventos.com.br\/#primaryimage"},"thumbnailUrl":"http:\/\/locacaodevansparaeventos.com.br\/wp-content\/uploads\/2023\/03\/EVENTOS.jpg","datePublished":"2023-03-20T20:48:17+00:00","dateModified":"2024-10-22T15:13:11+00:00","description":"Loca\u00e7\u00e3o de Vans para Eventos com o melhor custo beneficio do mercado. Trabalhamos tamb\u00e9m no segmento do turismo. Indicamos Guias de turismo","breadcrumb":{"@id":"https:\/\/locacaodevansparaeventos.com.br\/#breadcrumb"},"inLanguage":"pt-PT","potentialAction":[{"@type":"ReadAction","target":["https:\/\/locacaodevansparaeventos.com.br\/"]}]},{"@type":"ImageObject","inLanguage":"pt-PT","@id":"https:\/\/locacaodevansparaeventos.com.br\/#primaryimage","url":"https:\/\/locacaodevansparaeventos.com.br\/wp-content\/uploads\/2023\/03\/EVENTOS.jpg","contentUrl":"https:\/\/locacaodevansparaeventos.com.br\/wp-content\/uploads\/2023\/03\/EVENTOS.jpg","width":1000,"height":500,"caption":"loca\u00e7\u00e3o de vans para aeroportos"},{"@type":"BreadcrumbList","@id":"https:\/\/locacaodevansparaeventos.com.br\/#breadcrumb","itemListElement":[{"@type":"ListItem","position":1,"name":"In\u00edcio","item":"https:\/\/locacaodevansparaeventos.com.br\/"},{"@type":"ListItem","position":2,"name":"Loca\u00e7\u00e3o de Vans para Eventos"}]},{"@type":"WebSite","@id":"https:\/\/locacaodevansparaeventos.com.br\/#website","url":"https:\/\/locacaodevansparaeventos.com.br\/","name":"","description":"","potentialAction":[{"@type":"SearchAction","target":{"@type":"EntryPoint","urlTemplate":"https:\/\/locacaodevansparaeventos.com.br\/?s={search_term_string}"},"query-input":{"@type":"PropertyValueSpecification","valueRequired":true,"valueName":"search_term_string"}}],"inLanguage":"pt-PT"}]}},"_links":{"self":[{"href":"https:\/\/locacaodevansparaeventos.com.br\/index.php?rest_route=\/wp\/v2\/pages\/21","targetHints":{"allow":["GET"]}}],"collection":[{"href":"https:\/\/locacaodevansparaeventos.com.br\/index.php?rest_route=\/wp\/v2\/pages"}],"about":[{"href":"https:\/\/locacaodevansparaeventos.com.br\/index.php?rest_route=\/wp\/v2\/types\/page"}],"author":[{"embeddable":true,"href":"https:\/\/locacaodevansparaeventos.com.br\/index.php?rest_route=\/wp\/v2\/users\/1"}],"replies":[{"embeddable":true,"href":"https:\/\/locacaodevansparaeventos.com.br\/index.php?rest_route=%2Fwp%2Fv2%2Fcomments&post=21"}],"version-history":[{"count":33,"href":"https:\/\/locacaodevansparaeventos.com.br\/index.php?rest_route=\/wp\/v2\/pages\/21\/revisions"}],"predecessor-version":[{"id":245,"href":"https:\/\/locacaodevansparaeventos.com.br\/index.php?rest_route=\/wp\/v2\/pages\/21\/revisions\/245"}],"wp:attachment":[{"href":"https:\/\/locacaodevansparaeventos.com.br\/index.php?rest_route=%2Fwp%2Fv2%2Fmedia&parent=21"}],"curies":[{"name":"wp","href":"https:\/\/api.w.org\/{rel}","templated":true}]}}