{"id":112,"date":"2023-03-22T14:28:05","date_gmt":"2023-03-22T14:28:05","guid":{"rendered":"http:\/\/locacaodevansparaeventos.com.br\/?page_id=112"},"modified":"2024-10-22T15:13:44","modified_gmt":"2024-10-22T15:13:44","slug":"aluguel-de-vans-no-rio","status":"publish","type":"page","link":"https:\/\/locacaodevansparaeventos.com.br\/?page_id=112","title":{"rendered":"Aluguel de Vans no Rio"},"content":{"rendered":"\n<h1>\n\t\tNossa miss\u00e3o \u00e9 atender bem ao cliente.\n\t<\/h1>\n\t<p>EVENTOS, TURISMO, TRANSLADOS, VIAGENS E LOCA\u00c7\u00c3O DE VANS.<\/p>\n\t\t\t<a href=\"https:\/\/api.whatsapp.com\/send?phone=5521999953787&#038;text=Vim%20pelo%20site%20gostaria%20de%20mais%20informa%C3%A7%C3%B5es\" target=\"_blank\" role=\"button\" rel=\"noopener\">\n\t\t\t\t\t\t(21) 99995-3787\n\t\t\t\t\t<\/a>\n<h2>\n\t\tAluguel de Vans no Rio\n\t<\/h2>\n\t<h2>A LOCA\u00c7\u00c3O DE VANS PARA EVENTOS \u00e9 especializada no setor de loca\u00e7\u00e3o de vans com motorista.<\/h2>\n<p><strong>Aluguel de Vans no Rio. <\/strong>Nossos ve\u00edculos s\u00e3o apropriados para atender qualquer necessidade, oferecendo um atendimento personalizado a voc\u00ea ou a sua empresa.<\/p>\n<p>Nossas Vans s\u00e3o novas, completas, regulamentadas, conduzidas por motoristas qualificados, experientes e devidamente treinados.<\/p>\n<p>Garantimos um transporte de qualidade, com seguran\u00e7a e conforto. Frota diferenciada para atender diversos p\u00fablicos e em v\u00e1rias ocasi\u00f5es.<\/p>\n<p><a href=\"https:\/\/api.whatsapp.com\/send?phone=5521999953787&amp;text=Vim%20pelo%20site%20gostaria%20de%20mais%20informa%C3%A7%C3%B5es\">Solicite um or\u00e7amento\u00a0<\/a><\/p>\n<h2>\n\t\tLocamos Vans para condom\u00ednios\n\t<\/h2>\n\t<p>Com experi\u00eancia comprovada, temos o servi\u00e7o <strong>Aluguel de Vans no Rio<\/strong> para condom\u00ednios. J\u00e1 atendemos alguns condom\u00ednios na Barra da Tijuca como o Blue e o Pen\u00ednsula.<\/p>\n\t\t\t<a href=\"https:\/\/api.whatsapp.com\/send?phone=5521999953787&#038;text=Vim%20pelo%20site%20gostaria%20de%20mais%20informa%C3%A7%C3%B5es\" target=\"_self\" role=\"button\" rel=\"noopener\">\n\t\t\t\t\t\t\tOr\u00e7amento via zap\n\t\t\t<\/a>\n\t\t\t\t<img decoding=\"async\" src=\"http:\/\/locacaodevansparaeventos.com.br\/wp-content\/uploads\/2023\/03\/Captura-de-Tela-2021-07-26-as-08.58.49.png\" alt=\"Aluguel de Vans no Rio\" itemprop=\"image\" title=\"Captura-de-Tela-2021-07-26-a\u0300s-08.58.49\" onerror=\"this.style.display='none'\"  \/>\n<h2>\n\t\tAluguel de Vans no Rio\n\t<\/h2>\n\t\t\t\t\t<a href=\"#\" id=\"fl-accordion--label-0\" tabindex=\"0\" aria-controls=\"fl-accordion--panel-0\">Loca\u00e7\u00e3o de Vans para Translados<\/a>\n\t\t\t\t\t\t\t\t\t\t\t<a href=\"#\" id=\"fl-accordion--icon-0\" tabindex=\"0\" aria-controls=\"fl-accordion--panel-0\"><i>Expand<\/i><\/a>\n\t\t\t\t\t<h3>Servi\u00e7o de embarque e desembarque Santos Dumont e Gale\u00e3o<\/h3>\n<p>Vans legalizadas com op\u00e7\u00e3o de Guia Receptivo para translados ao aeroporto do Gale\u00e3o e Santos Dumont, P\u00eder Maua e Rodovi\u00e1ria Novo Rio.<\/p>\n\t\t\t\t\t<a href=\"#\" id=\"fl-accordion--label-1\" tabindex=\"0\" aria-controls=\"fl-accordion--panel-1\">City Tour no Rio de Janeiro<\/a>\n\t\t\t\t\t\t\t\t\t\t\t<a href=\"#\" id=\"fl-accordion--icon-1\" tabindex=\"0\" aria-controls=\"fl-accordion--panel-1\"><i>Expand<\/i><\/a>\n\t\t\t\t\t<h3>Loca\u00e7\u00e3o de Van para City tour<\/h3>\nAl\u00e9m de um valor atrativo, conhecer o Rio de Janeiro com seu grupo, em nossas vans.<br \/>\nAl\u00e9m disso temos a op\u00e7\u00e3o de um Guia de Turismo\n<p>&nbsp;<\/p>\n<p>&nbsp;<\/p>\n\t\t\t\t\t<a href=\"#\" id=\"fl-accordion--label-2\" tabindex=\"0\" aria-controls=\"fl-accordion--panel-2\">Vans para feiras, congressos e eventos em geral<\/a>\n\t\t\t\t\t\t\t\t\t\t\t<a href=\"#\" id=\"fl-accordion--icon-2\" tabindex=\"0\" aria-controls=\"fl-accordion--panel-2\"><i>Expand<\/i><\/a>\n\t\t\t\t\t<p>Temos o transporte certo para seu deslocamento. Estamos presentes nos eventos mais importantes que acontecem no Rio de Janeiro com nossas Vans.<\/p>\n<p>&nbsp;<\/p>\n<p>&nbsp;<\/p>\n\t\t\t\t\t<a href=\"#\" id=\"fl-accordion--label-3\" tabindex=\"0\" aria-controls=\"fl-accordion--panel-3\">Vans para viagens e excurs\u00f5es<\/a>\n\t\t\t\t\t\t\t\t\t\t\t<a href=\"#\" id=\"fl-accordion--icon-3\" tabindex=\"0\" aria-controls=\"fl-accordion--panel-3\"><i>Expand<\/i><\/a>\n\t\t\t\t\t<p>Se voc\u00ea precisa contratar uma van para sua excurs\u00e3o ou para seu grupo viajar, temo uma frota para legalizada com ANTT.<\/p>\n<p>&nbsp;<\/p>\n<p>&nbsp;<\/p>\n\t\t\t\t\t<a href=\"#\" id=\"fl-accordion--label-4\" tabindex=\"0\" aria-controls=\"fl-accordion--panel-4\">Transportes de funcion\u00e1rios<\/a>\n\t\t\t\t\t\t\t\t\t\t\t<a href=\"#\" id=\"fl-accordion--icon-4\" tabindex=\"0\" aria-controls=\"fl-accordion--panel-4\"><i>Expand<\/i><\/a>\n\t\t\t\t\t<p>Sua empresa precisa transportar funcion\u00e1rios? Entre em contato e solicite um or\u00e7amento.<\/p>\n<p>&nbsp;<\/p>\n<p>&nbsp;<\/p>\n\t\t\t\t\t<a href=\"#\" id=\"fl-accordion--label-5\" tabindex=\"0\" aria-controls=\"fl-accordion--panel-5\">Atendimento Corporativo<\/a>\n\t\t\t\t\t\t\t\t\t\t\t<a href=\"#\" id=\"fl-accordion--icon-5\" tabindex=\"0\" aria-controls=\"fl-accordion--panel-5\"><i>Expand<\/i><\/a>\n\t\t\t\t\t<p>Sua empresa precisa de uma van para servi\u00e7os ou transporte. Entre em contato e solicite um or\u00e7amento.<\/p>\n<p>&nbsp;<\/p>\n\t\t\t\t\t<a href=\"#\" id=\"fl-accordion--label-6\" tabindex=\"0\" aria-controls=\"fl-accordion--panel-6\">Van para servi\u00e7os diversos<\/a>\n\t\t\t\t\t\t\t\t\t\t\t<a href=\"#\" id=\"fl-accordion--icon-6\" tabindex=\"0\" aria-controls=\"fl-accordion--panel-6\"><i>Expand<\/i><\/a>\n\t\t\t\t\t<ul>\n<li>casamentos<\/li>\n<li>festas<\/li>\n<li>formaturas<\/li>\n<li>cultos<\/li>\n<li>treinamentos<\/li>\n<li>competi\u00e7\u00f5es<\/li>\n<li>vel\u00f3rios<\/li>\n<li>trabalhos<\/li>\n<li>igrejas<\/li>\n<li>escolas<\/li>\n<\/ul>\n<p>&nbsp;<\/p>\n\n","protected":false},"excerpt":{"rendered":"<p>Nossa miss\u00e3o \u00e9 atender bem ao cliente. EVENTOS, TURISMO, TRANSLADOS, VIAGENS E LOCA\u00c7\u00c3O DE VANS. (21) 99995-3787 Aluguel de Vans no Rio A LOCA\u00c7\u00c3O DE VANS PARA EVENTOS \u00e9 especializada no setor de loca\u00e7\u00e3o de vans com motorista. Aluguel de Vans no Rio. Nossos ve\u00edculos s\u00e3o apropriados para atender qualquer necessidade, oferecendo um atendimento personalizado [&hellip;]<\/p>\n","protected":false},"author":1,"featured_media":0,"parent":0,"menu_order":0,"comment_status":"closed","ping_status":"closed","template":"","meta":{"site-sidebar-layout":"default","site-content-layout":"","ast-site-content-layout":"","site-content-style":"default","site-sidebar-style":"default","ast-global-header-display":"","ast-banner-title-visibility":"","ast-main-header-display":"","ast-hfb-above-header-display":"","ast-hfb-below-header-display":"","ast-hfb-mobile-header-display":"","site-post-title":"","ast-breadcrumbs-content":"","ast-featured-img":"","footer-sml-layout":"","theme-transparent-header-meta":"","adv-header-id-meta":"","stick-header-meta":"","header-above-stick-meta":"","header-main-stick-meta":"","header-below-stick-meta":"","astra-migrate-meta-layouts":"default","ast-page-background-enabled":"default","ast-page-background-meta":{"desktop":{"background-color":"var(--ast-global-color-4)","background-image":"","background-repeat":"repeat","background-position":"center center","background-size":"auto","background-attachment":"scroll","background-type":"","background-media":"","overlay-type":"","overlay-color":"","overlay-opacity":"","overlay-gradient":""},"tablet":{"background-color":"","background-image":"","background-repeat":"repeat","background-position":"center center","background-size":"auto","background-attachment":"scroll","background-type":"","background-media":"","overlay-type":"","overlay-color":"","overlay-opacity":"","overlay-gradient":""},"mobile":{"background-color":"","background-image":"","background-repeat":"repeat","background-position":"center center","background-size":"auto","background-attachment":"scroll","background-type":"","background-media":"","overlay-type":"","overlay-color":"","overlay-opacity":"","overlay-gradient":""}},"ast-content-background-meta":{"desktop":{"background-color":"var(--ast-global-color-5)","background-image":"","background-repeat":"repeat","background-position":"center center","background-size":"auto","background-attachment":"scroll","background-type":"","background-media":"","overlay-type":"","overlay-color":"","overlay-opacity":"","overlay-gradient":""},"tablet":{"background-color":"var(--ast-global-color-5)","background-image":"","background-repeat":"repeat","background-position":"center center","background-size":"auto","background-attachment":"scroll","background-type":"","background-media":"","overlay-type":"","overlay-color":"","overlay-opacity":"","overlay-gradient":""},"mobile":{"background-color":"var(--ast-global-color-5)","background-image":"","background-repeat":"repeat","background-position":"center center","background-size":"auto","background-attachment":"scroll","background-type":"","background-media":"","overlay-type":"","overlay-color":"","overlay-opacity":"","overlay-gradient":""}},"footnotes":""},"class_list":["post-112","page","type-page","status-publish","hentry"],"yoast_head":"<!-- This site is optimized with the Yoast SEO Premium plugin v16.3 (Yoast SEO v23.4) - https:\/\/yoast.com\/wordpress\/plugins\/seo\/ -->\n<title>Aluguel de Vans no Rio - Loca\u00e7\u00e3o de Vans no Rio de Janeiro<\/title>\n<meta name=\"description\" content=\"Aluguel de Vans no Rio para eventos em geral. Trabalhamos em festas, shows, casamentos, condom\u00ednios, turismo e para o seu grupo\" \/>\n<meta name=\"robots\" content=\"index, follow, max-snippet:-1, max-image-preview:large, max-video-preview:-1\" \/>\n<link rel=\"canonical\" href=\"https:\/\/locacaodevansparaeventos.com.br\/?page_id=112\" \/>\n<meta property=\"og:locale\" content=\"pt_PT\" \/>\n<meta property=\"og:type\" content=\"article\" \/>\n<meta property=\"og:title\" content=\"Aluguel de Vans no Rio - Loca\u00e7\u00e3o de Vans no Rio de Janeiro\" \/>\n<meta property=\"og:description\" content=\"Aluguel de Vans no Rio para eventos em geral. Trabalhamos em festas, shows, casamentos, condom\u00ednios, turismo e para o seu grupo\" \/>\n<meta property=\"og:url\" content=\"https:\/\/locacaodevansparaeventos.com.br\/?page_id=112\" \/>\n<meta property=\"article:modified_time\" content=\"2024-10-22T15:13:44+00:00\" \/>\n<meta property=\"og:image\" content=\"http:\/\/locacaodevansparaeventos.com.br\/wp-content\/uploads\/2023\/03\/Captura-de-Tela-2021-07-26-as-08.58.49.png\" \/>\n<meta name=\"twitter:card\" content=\"summary_large_image\" \/>\n<meta name=\"twitter:label1\" content=\"Tempo estimado de leitura\" \/>\n\t<meta name=\"twitter:data1\" content=\"2 minutos\" \/>\n<script type=\"application\/ld+json\" class=\"yoast-schema-graph\">{\"@context\":\"https:\/\/schema.org\",\"@graph\":[{\"@type\":\"WebPage\",\"@id\":\"https:\/\/locacaodevansparaeventos.com.br\/?page_id=112\",\"url\":\"https:\/\/locacaodevansparaeventos.com.br\/?page_id=112\",\"name\":\"Aluguel de Vans no Rio - Loca\u00e7\u00e3o de Vans no Rio de Janeiro\",\"isPartOf\":{\"@id\":\"https:\/\/locacaodevansparaeventos.com.br\/#website\"},\"primaryImageOfPage\":{\"@id\":\"https:\/\/locacaodevansparaeventos.com.br\/?page_id=112#primaryimage\"},\"image\":{\"@id\":\"https:\/\/locacaodevansparaeventos.com.br\/?page_id=112#primaryimage\"},\"thumbnailUrl\":\"http:\/\/locacaodevansparaeventos.com.br\/wp-content\/uploads\/2023\/03\/Captura-de-Tela-2021-07-26-as-08.58.49.png\",\"datePublished\":\"2023-03-22T14:28:05+00:00\",\"dateModified\":\"2024-10-22T15:13:44+00:00\",\"description\":\"Aluguel de Vans no Rio para eventos em geral. Trabalhamos em festas, shows, casamentos, condom\u00ednios, turismo e para o seu grupo\",\"breadcrumb\":{\"@id\":\"https:\/\/locacaodevansparaeventos.com.br\/?page_id=112#breadcrumb\"},\"inLanguage\":\"pt-PT\",\"potentialAction\":[{\"@type\":\"ReadAction\",\"target\":[\"https:\/\/locacaodevansparaeventos.com.br\/?page_id=112\"]}]},{\"@type\":\"ImageObject\",\"inLanguage\":\"pt-PT\",\"@id\":\"https:\/\/locacaodevansparaeventos.com.br\/?page_id=112#primaryimage\",\"url\":\"https:\/\/locacaodevansparaeventos.com.br\/wp-content\/uploads\/2023\/03\/Captura-de-Tela-2021-07-26-as-08.58.49.png\",\"contentUrl\":\"https:\/\/locacaodevansparaeventos.com.br\/wp-content\/uploads\/2023\/03\/Captura-de-Tela-2021-07-26-as-08.58.49.png\",\"width\":384,\"height\":266,\"caption\":\"Aluguel de Vans no Rio\"},{\"@type\":\"BreadcrumbList\",\"@id\":\"https:\/\/locacaodevansparaeventos.com.br\/?page_id=112#breadcrumb\",\"itemListElement\":[{\"@type\":\"ListItem\",\"position\":1,\"name\":\"In\u00edcio\",\"item\":\"https:\/\/locacaodevansparaeventos.com.br\/\"},{\"@type\":\"ListItem\",\"position\":2,\"name\":\"Aluguel de Vans no Rio\"}]},{\"@type\":\"WebSite\",\"@id\":\"https:\/\/locacaodevansparaeventos.com.br\/#website\",\"url\":\"https:\/\/locacaodevansparaeventos.com.br\/\",\"name\":\"\",\"description\":\"\",\"potentialAction\":[{\"@type\":\"SearchAction\",\"target\":{\"@type\":\"EntryPoint\",\"urlTemplate\":\"https:\/\/locacaodevansparaeventos.com.br\/?s={search_term_string}\"},\"query-input\":{\"@type\":\"PropertyValueSpecification\",\"valueRequired\":true,\"valueName\":\"search_term_string\"}}],\"inLanguage\":\"pt-PT\"}]}<\/script>\n<!-- \/ Yoast SEO Premium plugin. -->","yoast_head_json":{"title":"Aluguel de Vans no Rio - Loca\u00e7\u00e3o de Vans no Rio de Janeiro","description":"Aluguel de Vans no Rio para eventos em geral. Trabalhamos em festas, shows, casamentos, condom\u00ednios, turismo e para o seu grupo","robots":{"index":"index","follow":"follow","max-snippet":"max-snippet:-1","max-image-preview":"max-image-preview:large","max-video-preview":"max-video-preview:-1"},"canonical":"https:\/\/locacaodevansparaeventos.com.br\/?page_id=112","og_locale":"pt_PT","og_type":"article","og_title":"Aluguel de Vans no Rio - Loca\u00e7\u00e3o de Vans no Rio de Janeiro","og_description":"Aluguel de Vans no Rio para eventos em geral. Trabalhamos em festas, shows, casamentos, condom\u00ednios, turismo e para o seu grupo","og_url":"https:\/\/locacaodevansparaeventos.com.br\/?page_id=112","article_modified_time":"2024-10-22T15:13:44+00:00","og_image":[{"url":"http:\/\/locacaodevansparaeventos.com.br\/wp-content\/uploads\/2023\/03\/Captura-de-Tela-2021-07-26-as-08.58.49.png"}],"twitter_card":"summary_large_image","twitter_misc":{"Tempo estimado de leitura":"2 minutos"},"schema":{"@context":"https:\/\/schema.org","@graph":[{"@type":"WebPage","@id":"https:\/\/locacaodevansparaeventos.com.br\/?page_id=112","url":"https:\/\/locacaodevansparaeventos.com.br\/?page_id=112","name":"Aluguel de Vans no Rio - Loca\u00e7\u00e3o de Vans no Rio de Janeiro","isPartOf":{"@id":"https:\/\/locacaodevansparaeventos.com.br\/#website"},"primaryImageOfPage":{"@id":"https:\/\/locacaodevansparaeventos.com.br\/?page_id=112#primaryimage"},"image":{"@id":"https:\/\/locacaodevansparaeventos.com.br\/?page_id=112#primaryimage"},"thumbnailUrl":"http:\/\/locacaodevansparaeventos.com.br\/wp-content\/uploads\/2023\/03\/Captura-de-Tela-2021-07-26-as-08.58.49.png","datePublished":"2023-03-22T14:28:05+00:00","dateModified":"2024-10-22T15:13:44+00:00","description":"Aluguel de Vans no Rio para eventos em geral. Trabalhamos em festas, shows, casamentos, condom\u00ednios, turismo e para o seu grupo","breadcrumb":{"@id":"https:\/\/locacaodevansparaeventos.com.br\/?page_id=112#breadcrumb"},"inLanguage":"pt-PT","potentialAction":[{"@type":"ReadAction","target":["https:\/\/locacaodevansparaeventos.com.br\/?page_id=112"]}]},{"@type":"ImageObject","inLanguage":"pt-PT","@id":"https:\/\/locacaodevansparaeventos.com.br\/?page_id=112#primaryimage","url":"https:\/\/locacaodevansparaeventos.com.br\/wp-content\/uploads\/2023\/03\/Captura-de-Tela-2021-07-26-as-08.58.49.png","contentUrl":"https:\/\/locacaodevansparaeventos.com.br\/wp-content\/uploads\/2023\/03\/Captura-de-Tela-2021-07-26-as-08.58.49.png","width":384,"height":266,"caption":"Aluguel de Vans no Rio"},{"@type":"BreadcrumbList","@id":"https:\/\/locacaodevansparaeventos.com.br\/?page_id=112#breadcrumb","itemListElement":[{"@type":"ListItem","position":1,"name":"In\u00edcio","item":"https:\/\/locacaodevansparaeventos.com.br\/"},{"@type":"ListItem","position":2,"name":"Aluguel de Vans no Rio"}]},{"@type":"WebSite","@id":"https:\/\/locacaodevansparaeventos.com.br\/#website","url":"https:\/\/locacaodevansparaeventos.com.br\/","name":"","description":"","potentialAction":[{"@type":"SearchAction","target":{"@type":"EntryPoint","urlTemplate":"https:\/\/locacaodevansparaeventos.com.br\/?s={search_term_string}"},"query-input":{"@type":"PropertyValueSpecification","valueRequired":true,"valueName":"search_term_string"}}],"inLanguage":"pt-PT"}]}},"_links":{"self":[{"href":"https:\/\/locacaodevansparaeventos.com.br\/index.php?rest_route=\/wp\/v2\/pages\/112","targetHints":{"allow":["GET"]}}],"collection":[{"href":"https:\/\/locacaodevansparaeventos.com.br\/index.php?rest_route=\/wp\/v2\/pages"}],"about":[{"href":"https:\/\/locacaodevansparaeventos.com.br\/index.php?rest_route=\/wp\/v2\/types\/page"}],"author":[{"embeddable":true,"href":"https:\/\/locacaodevansparaeventos.com.br\/index.php?rest_route=\/wp\/v2\/users\/1"}],"replies":[{"embeddable":true,"href":"https:\/\/locacaodevansparaeventos.com.br\/index.php?rest_route=%2Fwp%2Fv2%2Fcomments&post=112"}],"version-history":[{"count":15,"href":"https:\/\/locacaodevansparaeventos.com.br\/index.php?rest_route=\/wp\/v2\/pages\/112\/revisions"}],"predecessor-version":[{"id":246,"href":"https:\/\/locacaodevansparaeventos.com.br\/index.php?rest_route=\/wp\/v2\/pages\/112\/revisions\/246"}],"wp:attachment":[{"href":"https:\/\/locacaodevansparaeventos.com.br\/index.php?rest_route=%2Fwp%2Fv2%2Fmedia&parent=112"}],"curies":[{"name":"wp","href":"https:\/\/api.w.org\/{rel}","templated":true}]}}